{"id":44,"date":"2023-07-09T21:22:51","date_gmt":"2023-07-10T00:22:51","guid":{"rendered":"https:\/\/tcltech.com.br\/?page_id=44"},"modified":"2024-02-01T18:30:26","modified_gmt":"2024-02-01T21:30:26","slug":"servicos","status":"publish","type":"page","link":"https:\/\/tcltech.com.br\/index.php\/servicos\/","title":{"rendered":"Servi\u00e7os"},"content":{"rendered":"\n<p class=\"has-text-align-center\">A TCL Tech \u00e9 focada em Consultoria, Servi\u00e7os T\u00e9cnicos e Mentoria em&nbsp;<em>Cloud Computing<\/em>.<\/p>\n\n\n\n<p class=\"has-text-align-center\">Servi\u00e7os profissionais para pessoas f\u00edsicas e jur\u00eddicas (iniciativa privada) com emiss\u00e3o de nota fiscal e garantia assegurados.<\/p>\n\n\n\n<p class=\"has-text-align-center\">Quer potencializar seu neg\u00f3cio em&nbsp;<em>Cloud<\/em>? Ent\u00e3o, vamos l\u00e1!<\/p>\n\n\n\n<figure class=\"wp-block-image size-large\"><img loading=\"lazy\" decoding=\"async\" width=\"1024\" height=\"350\" src=\"https:\/\/tcltech.com.br\/wp-content\/uploads\/2023\/07\/nuvem-neon-com-raio-horizontal-transparente-1024x350.png\" alt=\"\" class=\"wp-image-22\" srcset=\"https:\/\/tcltech.com.br\/wp-content\/uploads\/2023\/07\/nuvem-neon-com-raio-horizontal-transparente-1024x350.png 1024w, https:\/\/tcltech.com.br\/wp-content\/uploads\/2023\/07\/nuvem-neon-com-raio-horizontal-transparente-300x103.png 300w, https:\/\/tcltech.com.br\/wp-content\/uploads\/2023\/07\/nuvem-neon-com-raio-horizontal-transparente-768x263.png 768w, https:\/\/tcltech.com.br\/wp-content\/uploads\/2023\/07\/nuvem-neon-com-raio-horizontal-transparente-1536x525.png 1536w, https:\/\/tcltech.com.br\/wp-content\/uploads\/2023\/07\/nuvem-neon-com-raio-horizontal-transparente-2048x701.png 2048w\" sizes=\"auto, (max-width: 1024px) 100vw, 1024px\" \/><\/figure>\n","protected":false},"excerpt":{"rendered":"<p>A TCL Tech \u00e9 focada em Consultoria, Servi\u00e7os T\u00e9cnicos e Mentoria em&nbsp;Cloud Computing. Servi\u00e7os profissionais para pessoas f\u00edsicas e jur\u00eddicas (iniciativa privada) com emiss\u00e3o de nota fiscal e garantia assegurados. Quer potencializar seu neg\u00f3cio em&nbsp;Cloud? Ent\u00e3o, vamos l\u00e1!<\/p>\n","protected":false},"author":1,"featured_media":0,"parent":0,"menu_order":0,"comment_status":"closed","ping_status":"closed","template":"","meta":{"footnotes":""},"class_list":["post-44","page","type-page","status-publish","hentry"],"jetpack_sharing_enabled":true,"_links":{"self":[{"href":"https:\/\/tcltech.com.br\/index.php\/wp-json\/wp\/v2\/pages\/44","targetHints":{"allow":["GET"]}}],"collection":[{"href":"https:\/\/tcltech.com.br\/index.php\/wp-json\/wp\/v2\/pages"}],"about":[{"href":"https:\/\/tcltech.com.br\/index.php\/wp-json\/wp\/v2\/types\/page"}],"author":[{"embeddable":true,"href":"https:\/\/tcltech.com.br\/index.php\/wp-json\/wp\/v2\/users\/1"}],"replies":[{"embeddable":true,"href":"https:\/\/tcltech.com.br\/index.php\/wp-json\/wp\/v2\/comments?post=44"}],"version-history":[{"count":3,"href":"https:\/\/tcltech.com.br\/index.php\/wp-json\/wp\/v2\/pages\/44\/revisions"}],"predecessor-version":[{"id":96,"href":"https:\/\/tcltech.com.br\/index.php\/wp-json\/wp\/v2\/pages\/44\/revisions\/96"}],"wp:attachment":[{"href":"https:\/\/tcltech.com.br\/index.php\/wp-json\/wp\/v2\/media?parent=44"}],"curies":[{"name":"wp","href":"https:\/\/api.w.org\/{rel}","templated":true}]}}