{"id":53,"date":"2023-07-09T21:35:55","date_gmt":"2023-07-10T00:35:55","guid":{"rendered":"https:\/\/tcltech.com.br\/?page_id=53"},"modified":"2026-01-08T21:25:57","modified_gmt":"2026-01-09T00:25:57","slug":"sobre","status":"publish","type":"page","link":"https:\/\/tcltech.com.br\/index.php\/sobre\/","title":{"rendered":"Sobre"},"content":{"rendered":"\n<div class=\"wp-block-columns is-layout-flex wp-container-core-columns-is-layout-28f84493 wp-block-columns-is-layout-flex\">\n<div class=\"wp-block-column is-layout-flow wp-block-column-is-layout-flow\"><div class=\"wp-block-image\">\n<figure class=\"aligncenter size-large is-resized\"><img loading=\"lazy\" decoding=\"async\" width=\"1024\" height=\"901\" src=\"https:\/\/tcltech.com.br\/wp-content\/uploads\/2023\/07\/nuvem-neon-com-raio-vertical-1024x901.jpg\" alt=\"\" class=\"wp-image-50\" style=\"width:335px;height:auto\" srcset=\"https:\/\/tcltech.com.br\/wp-content\/uploads\/2023\/07\/nuvem-neon-com-raio-vertical-1024x901.jpg 1024w, https:\/\/tcltech.com.br\/wp-content\/uploads\/2023\/07\/nuvem-neon-com-raio-vertical-300x264.jpg 300w, https:\/\/tcltech.com.br\/wp-content\/uploads\/2023\/07\/nuvem-neon-com-raio-vertical-768x676.jpg 768w, https:\/\/tcltech.com.br\/wp-content\/uploads\/2023\/07\/nuvem-neon-com-raio-vertical-1536x1351.jpg 1536w, https:\/\/tcltech.com.br\/wp-content\/uploads\/2023\/07\/nuvem-neon-com-raio-vertical-2048x1802.jpg 2048w\" sizes=\"auto, (max-width: 1024px) 100vw, 1024px\" \/><\/figure>\n<\/div><\/div>\n\n\n\n<div class=\"wp-block-column is-vertically-aligned-stretch is-layout-flow wp-block-column-is-layout-flow\"><div class=\"wp-block-image\">\n<figure class=\"aligncenter size-full is-resized\"><img loading=\"lazy\" decoding=\"async\" width=\"960\" height=\"1280\" src=\"https:\/\/tcltech.com.br\/wp-content\/uploads\/2025\/08\/Thiago-2.jpeg\" alt=\"\" class=\"wp-image-108\" style=\"width:221px;height:auto\" srcset=\"https:\/\/tcltech.com.br\/wp-content\/uploads\/2025\/08\/Thiago-2.jpeg 960w, https:\/\/tcltech.com.br\/wp-content\/uploads\/2025\/08\/Thiago-2-225x300.jpeg 225w, https:\/\/tcltech.com.br\/wp-content\/uploads\/2025\/08\/Thiago-2-768x1024.jpeg 768w\" sizes=\"auto, (max-width: 960px) 100vw, 960px\" \/><\/figure>\n<\/div><\/div>\n<\/div>\n\n\n\n<p>Meu nome \u00e9 Thiago Canuto Lemos, comumente conhecido apenas por Thiago Canuto. <\/p>\n\n\n\n<p>Sou profissional de Tecnologia da Informa\u00e7\u00e3o (TI) com mais de 20 anos de experi\u00eancia em Infraestrutura de TI, atuando em ambientes on-premises e cloud computing, com passagem por empresas de pequeno, m\u00e9dio e grande porte, nos setores atacadista, acad\u00eamico, consultoria e servi\u00e7os de TI.<\/p>\n\n\n\n<p>Possuo s\u00f3lidos conhecimentos em gest\u00e3o de infraestrutura de TI, suporte t\u00e9cnico, data center, cloud computing e lideran\u00e7a de times multidisciplinares, com foco em estrat\u00e9gia de neg\u00f3cios, al\u00e9m de forte atua\u00e7\u00e3o em projetos de transforma\u00e7\u00e3o digital.<\/p>\n\n\n\n<p>Atuo no papel de <strong>L\u00edder T\u00e9cnico de Infraestrutura de TI<\/strong>, como colaborador de carreira (CLT), em empresa de setor p\u00fablico no Brasil. Contribuo tamb\u00e9m como <strong>Consultor Independente<\/strong> no \u00e2mbito de TI para empresa privada no exterior. J\u00e1 pela TCL Tech (PJ), empresa que fundei, atuo como <strong>Especialista <em>Cloud<\/em><\/strong>, focando em Consultoria, Servi\u00e7os T\u00e9cnicos e Mentoria para empresas do setor privado.<\/p>\n\n\n\n<h2 class=\"wp-block-heading\">TCL Tech, como tudo come\u00e7ou&#8230;<\/h2>\n\n\n\n<p>Em 2019 comecei a ler como funcionava o modelo de entrega de recursos de TI sob demanda, por meio da Internet, com pagamento conforme o uso. Iniciei uma s\u00e9rie de estudos e aprendizados, todos com investimentos pr\u00f3prios. Resolvi, ent\u00e3o, aprofundar no modelo de computa\u00e7\u00e3o em nuvem. Gostei tanto que n\u00e3o parei mais #lifelonglearning.<\/p>\n\n\n\n<p>Obtive minha primeira certifica\u00e7\u00e3o, a EXIN&nbsp;<em>Cloud Computing Foundation<\/em>, em que aprendi todo o conceito-base e aplicabilidade deste modelo. Esse conhecimento me ajudou e deu a base necess\u00e1ria para minha primeira experi\u00eancia pr\u00e1tica em&nbsp;<em>Cloud Computing<\/em>,&nbsp;na empresa em que trabalho. Naquela ocasi\u00e3o, ainda em 2019, junto a um time multidisciplinar de TI, atuei na coordena\u00e7\u00e3o t\u00e9cnica de prova de conceito de forma a experimentar alguns provedores de nuvem p\u00fablica. Nesse momento, vivenciei tamb\u00e9m meu primeiro contato&nbsp;<em>Multicloud<\/em>.<\/p>\n\n\n\n<p>Desde ent\u00e3o, comecei a desbravar este mundo e fiz alguns cursos e treinamentos especializados em&nbsp;<em>Microsoft Azure<\/em>,&nbsp;<em>Amazon Web Services<\/em>&nbsp;(AWS),&nbsp;<em>Oracle Cloud<\/em>&nbsp;<em>Infrastructure <\/em>(OCI) e&nbsp;<em>Google Cloud Platform <\/em>(GCP), a fim de entender os blocos de constru\u00e7\u00e3o e os principais servi\u00e7os e recursos desses provedores de nuvem p\u00fablica. Diante dessa estrat\u00e9gia <em>Multicloud<\/em>, consegui ter uma vis\u00e3o hol\u00edstica, de maneira a identificar o que cada provedor tinha de melhor e mais aderente, para atender de forma mais assertiva \u00e0s necessidades de neg\u00f3cio dos clientes e auxiliar na resolu\u00e7\u00e3o de problemas em geral. Assim, obtive certifica\u00e7\u00f5es em&nbsp;<em>Azure<\/em>&nbsp;(2020, n\u00e3o expira),&nbsp;OCI (2021, e revalidada em 2023) e AWS (2021, e revalidada em 2024).<\/p>\n\n\n\n<p>Ao longo desse tempo, tamb\u00e9m fui aluno de um curso de Arquitetura&nbsp;<em>Cloud<\/em>&nbsp;e acabei cursando, na sequ\u00eancia, um MBA em&nbsp;<em>Cloud Computing<\/em>, entre 2020 e 2021. Elaborei meu projeto aplicado de transi\u00e7\u00e3o de infraestrutura de TI para a nuvem. Utilizei t\u00e9cnicas de inova\u00e7\u00e3o e design thinking, associados \u00e0 m\u00e9todos \u00e1geis, e apliquei temas como conectividade, infraestrutura de TI, finan\u00e7as, seguran\u00e7a e governan\u00e7a. Bem, a pr\u00e1tica associada \u00e0 gest\u00e3o me permitiu maior robustez em conhecimento e assim me tornei um Especialista <em>Cloud<\/em>. Os estudos continuam, afinal, a melhoria precisa ser cont\u00ednua.<\/p>\n\n\n\n<p>Assim, no fim de 2021, fundei a TCL Tecnologia da Informa\u00e7\u00e3o LTDA, a TCL Tech, com foco em Consultoria, Servi\u00e7os T\u00e9cnicos e Mentoria, para que eu pudesse auxiliar e potencializar, com profissionalismo, qualidade e seguran\u00e7a, os neg\u00f3cios dos clientes, no \u00e2mbito de\u00a0<em>Cloud Computing<\/em>. Dessa maneira, atuo como Especialista\u00a0<em>Cloud<\/em>\u00a0(PJ) e realizo servi\u00e7os profissionais para pessoas f\u00edsicas e jur\u00eddicas (iniciativa privada) com emiss\u00e3o de nota fiscal e garantia assegurados.<\/p>\n\n\n\n<p>Por meio da TCL Tech, em 2022 iniciei um v\u00ednculo de parceria com a\u00a0<a href=\"https:\/\/www.xpeducacao.com.br\/\" target=\"_blank\" rel=\"noreferrer noopener\">XP Educa\u00e7\u00e3o<\/a>\u00a0(PJ), em que atuei como Tutor e Professor\u00a0<em>Cloud<\/em>\u00a0com foco em AWS, no apoio ao desenvolvimento de carreira de novos profissionais. Ali me tornei membro da <a href=\"https:\/\/www.awsacademy.com\/\" data-type=\"URL\" data-id=\"https:\/\/www.awsacademy.com\/\">AWS Academy<\/a> no papel de Educador.<\/p>\n\n\n\n<p>J\u00e1 em 2023, iniciei um novo projeto volunt\u00e1rio como Mentor T\u00e9cnico em&nbsp;<em>Cloud<\/em>&nbsp;AWS pela&nbsp;<a rel=\"noreferrer noopener\" href=\"https:\/\/escoladanuvem.org\/\" target=\"_blank\">Escola da Nuvem<\/a>, no intuito de transformar vidas, de forma a combater a vulnerabilidade social por meio do desenvolvimento profissional no mercado de tecnologia.<\/p>\n\n\n\n<p>No fim de 2025 passei a fazer parte da rede de especialistas, pela <a href=\"https:\/\/capvision.com\">Capvision<\/a>, e atuar de forma independente e pontual no \u00e2mbito de TI, como fonte de conhecimento estrat\u00e9gico para apoiar decis\u00f5es empresariais, sem v\u00ednculo empregat\u00edcio, mas com autonomia profissional, como consultas (1-1), pesquisas customizadas, grupos de confer\u00eancias e servi\u00e7os de consultoria.<\/p>\n\n\n\n<p>Ent\u00e3o \u00e9 isso! A TCL Tech \u00e9 o Thiago Canuto em a\u00e7\u00e3o, quando o assunto \u00e9 <em>Cloud<\/em>!<\/p>\n","protected":false},"excerpt":{"rendered":"<p>Meu nome \u00e9 Thiago Canuto Lemos, comumente conhecido apenas por Thiago Canuto. Sou profissional de Tecnologia da Informa\u00e7\u00e3o (TI) com mais de 20 anos de experi\u00eancia em Infraestrutura de TI, atuando em ambientes on-premises e cloud computing, com passagem por empresas de pequeno, m\u00e9dio e grande porte, nos setores atacadista, [&hellip;]<\/p>\n","protected":false},"author":1,"featured_media":0,"parent":0,"menu_order":0,"comment_status":"closed","ping_status":"closed","template":"","meta":{"footnotes":""},"class_list":["post-53","page","type-page","status-publish","hentry"],"jetpack_sharing_enabled":true,"_links":{"self":[{"href":"https:\/\/tcltech.com.br\/index.php\/wp-json\/wp\/v2\/pages\/53","targetHints":{"allow":["GET"]}}],"collection":[{"href":"https:\/\/tcltech.com.br\/index.php\/wp-json\/wp\/v2\/pages"}],"about":[{"href":"https:\/\/tcltech.com.br\/index.php\/wp-json\/wp\/v2\/types\/page"}],"author":[{"embeddable":true,"href":"https:\/\/tcltech.com.br\/index.php\/wp-json\/wp\/v2\/users\/1"}],"replies":[{"embeddable":true,"href":"https:\/\/tcltech.com.br\/index.php\/wp-json\/wp\/v2\/comments?post=53"}],"version-history":[{"count":13,"href":"https:\/\/tcltech.com.br\/index.php\/wp-json\/wp\/v2\/pages\/53\/revisions"}],"predecessor-version":[{"id":112,"href":"https:\/\/tcltech.com.br\/index.php\/wp-json\/wp\/v2\/pages\/53\/revisions\/112"}],"wp:attachment":[{"href":"https:\/\/tcltech.com.br\/index.php\/wp-json\/wp\/v2\/media?parent=53"}],"curies":[{"name":"wp","href":"https:\/\/api.w.org\/{rel}","templated":true}]}}